{"id":15,"date":"2017-01-31T09:26:31","date_gmt":"2017-01-31T08:26:31","guid":{"rendered":"http:\/\/www.mikedeejay.at\/museum\/?page_id=15"},"modified":"2017-03-06T10:28:16","modified_gmt":"2017-03-06T09:28:16","slug":"veranstaltungsraeume-im-schloss-ferlach","status":"publish","type":"page","link":"http:\/\/www.jagdmuseum-ferlach.at\/?page_id=15","title":{"rendered":"Veranstaltungsr\u00e4ume im Schloss Ferlach"},"content":{"rendered":"<p>Sie suchen einen Veranstaltungsraum oder eine Location f\u00fcr Ihr Event oder Ihre Feier in Ferlach, wo Sie und Ihre G\u00e4ste sich rundum wohlf\u00fchlen? Nutzen Sie die Veranstaltungsr\u00e4ume im Schloss Ferlach! Genie\u00dfen Sie das besondere Ambiente des Schlosses und gestalten Sie Ihr Event ganz nach Ihren W\u00fcnschen. Wir helfen Ihnen auch gerne dabei. Fragen Sie uns einfach!<\/p>\n<h2>Heiraten im Schloss Ferlach<\/h2>\n<div class=\"schlosspicsleft\"><img loading=\"lazy\" decoding=\"async\" src=\"http:\/\/www.jagdmuseum-ferlach.at\/wp-content\/uploads\/2017\/01\/location1.jpg\" alt=\"\" width=\"400\" height=\"267\" \/><\/div>\n<div class=\"schlosspicsright\"><img loading=\"lazy\" decoding=\"async\" src=\"http:\/\/www.jagdmuseum-ferlach.at\/wp-content\/uploads\/2017\/01\/location2.jpg\" alt=\"\" width=\"400\" height=\"264\" \/><\/div>\n<div style=\"clear: both;\">\n<div>Sie m\u00f6chten heiraten und suchen die passenden R\u00e4umlichkeiten daf\u00fcr? Das Schloss Ferlach, als ehemaliges Herrenhaus, ist ideal geeignet f\u00fcr Ihre Festivit\u00e4ten. Die Fenster sind mit zartem Stuckdekor geschm\u00fcckt, schmale Gesimse und m\u00e4chtige Giebel dominieren das historische Geb\u00e4ude, das zum Feiern geradezu einl\u00e4dt. In unserem Trauungszimmer im 1. Stock des Schlosses befinden sich 30 Sitzpl\u00e4tze und Platz f\u00fcr bis zu 60 weitere Personen.<\/div>\n<p style=\"text-align: left;\">Wenn Sie im romantischen Ambiente im Schloss Ferlach heiraten m\u00f6chten, kontaktieren Sie den Standesbeamten der Gemeinde Ferlach und erfahren Sie alles rund ums Heiraten in Ferlach!<\/p>\n<p style=\"text-align: left;\">Anfrage senden<\/p>\n<h2>Feiern, Hochzeiten oder Sitzungen im Rondeau in Schloss Ferlach<\/h2>\n<div class=\"schlosspicsleft\"><img loading=\"lazy\" decoding=\"async\" class=\"alignleft size-full wp-image-137\" src=\"http:\/\/www.jagdmuseum-ferlach.at\/wp-content\/uploads\/2017\/01\/location3.jpg\" alt=\"\" width=\"400\" height=\"264\" srcset=\"http:\/\/www.jagdmuseum-ferlach.at\/wp-content\/uploads\/2017\/01\/location3.jpg 400w, http:\/\/www.jagdmuseum-ferlach.at\/wp-content\/uploads\/2017\/01\/location3-300x198.jpg 300w\" sizes=\"auto, (max-width: 400px) 100vw, 400px\" \/><\/div>\n<div class=\"schlosspicsright\"><img loading=\"lazy\" decoding=\"async\" class=\"aligncenter wp-image-264 size-full\" src=\"http:\/\/www.jagdmuseum-ferlach.at\/wp-content\/uploads\/2017\/01\/location5.jpg\" width=\"400\" height=\"266\" srcset=\"http:\/\/www.jagdmuseum-ferlach.at\/wp-content\/uploads\/2017\/01\/location5.jpg 400w, http:\/\/www.jagdmuseum-ferlach.at\/wp-content\/uploads\/2017\/01\/location5-300x200.jpg 300w\" sizes=\"auto, (max-width: 400px) 100vw, 400px\" \/><\/div>\n<div style=\"clear: both;\">\n<p>&nbsp;<\/p>\n<p>Egal, ob private Feier, Hochzeit oder Firmenevent &#8211; das Rondeau im Schloss Ferlach bietet ausreichend Platz f\u00fcr 70 Personen.<\/p>\n<p>Selbstverst\u00e4ndlich stellen wir Ihnen die notwendige Ausstattung, wie beispielsweise Sessel und Tische, zur Verf\u00fcgung.<\/p>\n<p>Gerne bewirtet Sie unser Caf\u00e9 im Schloss Ferlach.<\/p>\n<p>&nbsp;<\/p>\n<p>Bei Interesse an einer Hochzeit oder R\u00e4umlichkeit im Schloss Ferlach bitten wir Sie um fr\u00fchzeitige Reservierung, wenn m\u00f6glich zehn Wochen vor Ihrem Veranstaltungstermin.<\/p>\n<p>F\u00fcr Fragen zu Reservierungen freuen wir uns auf Ihre Kontaktaufnahme!<\/p>\n<p>Events, Veranstaltungen, Location in Ferlach<\/p>\n<\/div>\n<\/div>\n","protected":false},"excerpt":{"rendered":"<p>Sie suchen einen Veranstaltungsraum oder eine Location f\u00fcr Ihr Event oder Ihre Feier in Ferlach, wo Sie und Ihre G\u00e4ste sich rundum wohlf\u00fchlen? Nutzen Sie die Veranstaltungsr\u00e4ume im Schloss Ferlach! Genie\u00dfen Sie das besondere Ambiente des Schlosses und gestalten Sie Ihr Event ganz nach Ihren W\u00fcnschen. Wir helfen Ihnen auch gerne dabei. Fragen Sie uns [&hellip;]<\/p>\n","protected":false},"author":1,"featured_media":0,"parent":0,"menu_order":0,"comment_status":"closed","ping_status":"closed","template":"","meta":{"footnotes":""},"class_list":["post-15","page","type-page","status-publish","hentry"],"_links":{"self":[{"href":"http:\/\/www.jagdmuseum-ferlach.at\/index.php?rest_route=\/wp\/v2\/pages\/15","targetHints":{"allow":["GET"]}}],"collection":[{"href":"http:\/\/www.jagdmuseum-ferlach.at\/index.php?rest_route=\/wp\/v2\/pages"}],"about":[{"href":"http:\/\/www.jagdmuseum-ferlach.at\/index.php?rest_route=\/wp\/v2\/types\/page"}],"author":[{"embeddable":true,"href":"http:\/\/www.jagdmuseum-ferlach.at\/index.php?rest_route=\/wp\/v2\/users\/1"}],"replies":[{"embeddable":true,"href":"http:\/\/www.jagdmuseum-ferlach.at\/index.php?rest_route=%2Fwp%2Fv2%2Fcomments&post=15"}],"version-history":[{"count":32,"href":"http:\/\/www.jagdmuseum-ferlach.at\/index.php?rest_route=\/wp\/v2\/pages\/15\/revisions"}],"predecessor-version":[{"id":403,"href":"http:\/\/www.jagdmuseum-ferlach.at\/index.php?rest_route=\/wp\/v2\/pages\/15\/revisions\/403"}],"wp:attachment":[{"href":"http:\/\/www.jagdmuseum-ferlach.at\/index.php?rest_route=%2Fwp%2Fv2%2Fmedia&parent=15"}],"curies":[{"name":"wp","href":"https:\/\/api.w.org\/{rel}","templated":true}]}}