{"id":4,"date":"2017-01-31T09:23:27","date_gmt":"2017-01-31T08:23:27","guid":{"rendered":"http:\/\/www.mikedeejay.at\/museum\/?page_id=4"},"modified":"2026-04-07T14:03:19","modified_gmt":"2026-04-07T12:03:19","slug":"buechsenmacher-jagdmuseum-in-ferlach","status":"publish","type":"page","link":"http:\/\/www.jagdmuseum-ferlach.at\/","title":{"rendered":"B\u00fcchsenmacher- &#038; Jagdmuseum in Ferlach"},"content":{"rendered":"<div class=\"startleft\">\n<p><img decoding=\"async\" loading=\"lazy\" id=\"startpic\" class=\"aligncenter size-full wp-image-100\" src=\"http:\/\/www.jagdmuseum-ferlach.at\/wp-content\/uploads\/2017\/02\/startseite_pic1.jpg\" alt=\"\" width=\"670\" height=\"230\" srcset=\"http:\/\/www.jagdmuseum-ferlach.at\/wp-content\/uploads\/2017\/02\/startseite_pic1.jpg 670w, http:\/\/www.jagdmuseum-ferlach.at\/wp-content\/uploads\/2017\/02\/startseite_pic1-300x103.jpg 300w\" sizes=\"(max-width: 670px) 100vw, 670px\" \/><\/p>\n<p>&nbsp;<\/p>\n<p>&nbsp;<\/p>\n<p>Willkommen im B\u00fcchsenmacher- und Jagdmuseum im Schloss Ferlach!<\/p>\n<p>Im B\u00fcchsenmacher- und Jagdmuseum im Schloss Ferlach in K\u00e4rnten erz\u00e4hlen wir Ihnen die spannende Geschichte der Jagd und bringen Ihnen das B\u00fcchsenmacher-Handwerk nahe. Gehen Sie mit uns auf Reisen und entdecken Sie Spannendes und Wissenswertes rund um Jagd, Wildtiere und Naturschutz!<\/p>\n<h3>Den Mythos Jagd im Schloss Ferlach hautnah miterleben!<\/h3>\n<p>Im B\u00fcchsenmacher- und Jagdmuseum sind das B\u00fcchsenmacherhandwerk und der Mythos Jagd umfassend dargestellt. Neben historischen Waffen sehen Sie viele Troph\u00e4en heimischer und fremder Tiere aus der Sammlung Horten und Dr. Hellmuth Reichel. Der Reiz der Landschaft, die intakte Lebens- und Erlebensqualit\u00e4t und die Begegnung von Mensch und Natur spiegeln sich auch in den R\u00e4umen des B\u00fcchsenmacher- und Jagdmuseums im Schloss Ferlach eindrucksvoll wider.<\/p>\n<h3>Von Jagdwissen, Wildtieren und Naturschutz<\/h3>\n<p>Die Jagd ist ein schier unersch\u00f6pfliches Thema. Das B\u00fcchsenmacher- und Jagdmuseum spannt einen breiten Bogen von der Ver\u00e4nderung der Jagdarten \u00fcber Innovationen der B\u00fcchsenmacherei zur Jagd in Malerei, Literatur und Musik bis hin zu den Einfl\u00fcssen der Jagd auf die Sprache des Alltags und auf Grundlagen unserer Gesellschaft. Entdecken Sie, was ein J\u00e4ger k\u00f6nnen und wissen muss, welches Wild erlegt werden darf und wie es um Jagdfl\u00e4chen und Naturschutz steht. Auch J\u00e4gerkleidung wird bemerkenswert pr\u00e4sentiert.<\/p>\n<h3>Tradition im B\u00fcchsenmacher- &amp; Jagdmuseum in Ferlach<\/h3>\n<p>Nach der K\u00e4rntner Landesausstellung im Jahre 1997 \u00fcbernahm das B\u00fcchsenmacher- und Jagdmuseum einen Gro\u00dfteil der Ausstellungsst\u00fccke, um sie auch nach Beendigung der Landesausstellung einem breiten Publikum nahebringen zu k\u00f6nnen. Die Verbindung von alter und neuer Ausstellungssubstanz schaffen heute Ausstellungs- und Repr\u00e4sentationsr\u00e4ume von besonders hoher Intensit\u00e4t.<\/p>\n<h3>Museum, Geschichte und Veranstaltungen<\/h3>\n<p>Besuchen Sie uns in unserem Museum, erleben Sie die Geschichte der Jagd, nutzen Sie unsere Veranstaltungsr\u00e4ume f\u00fcr Ihre privaten und betrieblichen Events.<\/p>\n<h3><img decoding=\"async\" loading=\"lazy\" id=\"startpic2\" class=\"alignleft size-full wp-image-129\" src=\"http:\/\/www.jagdmuseum-ferlach.at\/wp-content\/uploads\/2017\/01\/ferlach_pic1.png\" alt=\"\" width=\"200\" height=\"200\" srcset=\"http:\/\/www.jagdmuseum-ferlach.at\/wp-content\/uploads\/2017\/01\/ferlach_pic1.png 200w, http:\/\/www.jagdmuseum-ferlach.at\/wp-content\/uploads\/2017\/01\/ferlach_pic1-150x150.png 150w\" sizes=\"(max-width: 200px) 100vw, 200px\" \/>Geschichte Ferlach \u2013 die B\u00fcchsenmacherstadt im Rosental<\/h3>\n<p>Die traditionsreiche Stadt Ferlach beherbergt rund 8000 Einwohner, erstreckt sich auf einer Fl\u00e4che von 117,25 km\u00b2 und hat sich als Wirtschaftsstandort, Sport-, Ausflugs- und Bildungsstadt einen bedeutenden Namen gemacht.<\/p>\n<h3>B\u00fcchsenmacherhandwerk als immaterielles Kulturerbe<\/h3>\n<p>Als Industriestandort und Erzeugungsst\u00e4tte hochqualitativer Jagdwaffen erlangte Ferlach \u00fcber Jahrhunderte hinweg Weltruf. 1620 entstand das erste Handwerkssiegel der Ferlacher B\u00fcchsenmacherzunft. Nachdem zuerst Kriegswaffen produziert wurden, erfolgte in der zweiten H\u00e4lfte des 19. Jahrhunderts die Umstellung auf Jagdwaffen. 2010 wurde das B\u00fcchsenmacherhandwerk als immaterielles Kulturerbe der UNESCO ausgezeichnet.<\/p>\n<p>&nbsp;<\/p>\n<p><strong>Preise und F\u00fchrungen<\/strong><\/p>\n<p>Erwachsene: \u20ac 9,00<br \/>\nKinder bis 15 Jahre: \u20ac 6,50<br \/>\nFamilie: \u20ac\u00a027,50 (2 Erwachsene und zwei Kinder und mehr)<\/p>\n<p><em>Erm\u00e4\u00dfigter Eintritt mit der W\u00f6rthersee Plus Card.<br \/>\nFreier Eintritt mit der K\u00e4rnten Card.<\/em><\/p>\n<p>F\u00fchrungen f\u00fcr Gruppen ab 15 Personen nach Voranmeldungen jederzeit! Pauschale:\u00a0\u00a0\u20ac\u00a072,00.<\/p>\n<p>Erleben Sie im B\u00fcchsenmacher- &amp; Jagdmuseum im Schloss Ferlach die B\u00fcchsenmachertradition, die Besonderheiten der Jagd und wandeln Sie auf den Spuren heimischer und fremder Wildtiere! Entdecken Sie unsere &#8222;lebendige Werkst\u00e4tte&#8220; von Juli bis August!<\/p>\n<p>Wir freuen uns auf Ihren Besuch!<\/p>\n<h3>Schloss Ferlach \u2013 B\u00fcchsenmacher- &amp; Jagdmuseum<\/h3>\n<p><strong>Standort<\/strong><br \/>\nSchloss Ferlach<br \/>\nSponheimer Platz 1<br \/>\n9170 Ferlach<\/p>\n<p>&nbsp;<\/p>\n<p><strong>\u00d6ffnungszeiten<\/strong><strong>\u00a02026<\/strong><\/p>\n<p><strong>Vor- und Nachsaison<br \/>\n<\/strong>Mo &#8211; Fr 09:00 &#8211; 17:00 Uhr<\/p>\n<p><strong>Wir haben zus\u00e4tzlich an folgenden Tagen <span style=\"color: #ff0000;\">geschlossen<\/span>:<br \/>\n<\/strong>Dienstag, 17.02.2026 nachmittags (Faschingsdienstag)<br \/>\nMontag, 06.04.2026 ganzer Tag (Ostermontag)<br \/>\nFreitag, 01.05.2026 ganzer Tag (Staatsfeiertag)<br \/>\nDonnerstag, 14.05.2026 ganzer Tag (Christi Himmelfahrt)<br \/>\nMontag, 25.05.2026 ganzer Tag (Pfingstmontag)<\/p>\n<p><strong>Hauptsaison<\/strong><\/p>\n<p><strong>15.\u00a0Juni\u2013 13.\u00a0September<\/strong><br \/>\nMo \u2013 So 09:00 \u2013 17:00 Uhr<\/p>\n<\/div>\n<p>Hunde sind im Museum nicht erlaubt. D\u00fcrfen aber gerne im Foyer warten.<\/p>\n<div class=\"startright\" style=\"float: right; width: 235px;\">\n<p style=\"text-align: center;\">[mappress mapid=&#8220;5&#8243;]<\/p>\n<hr \/>\n<p><strong>Ausgezeichnet<\/strong><\/p>\n<p><a href=\"http:\/\/www.kaernten.at\/qualitaet\/\"><img decoding=\"async\" loading=\"lazy\" class=\"aligncenter wp-image-154 size-full\" src=\"http:\/\/www.jagdmuseum-ferlach.at\/wp-content\/uploads\/2017\/01\/kaerntenausluglogo-e1485970972757.png\" width=\"210\" height=\"171\" \/><\/a><\/p>\n<hr \/>\n<p><strong>Vorteile Nutzen<\/strong><\/p>\n<p><a href=\"http:\/\/www.kaerntencard.at\/\" target=\"_blank\" rel=\"noopener noreferrer\"><img decoding=\"async\" loading=\"lazy\" class=\"aligncenter wp-image-156 size-full\" src=\"http:\/\/www.jagdmuseum-ferlach.at\/wp-content\/uploads\/2017\/01\/kcard-e1485971004817.png\" width=\"210\" height=\"132\" \/><\/a><\/p>\n<p>&nbsp;<\/p>\n<\/div>\n","protected":false},"excerpt":{"rendered":"<p>&nbsp; &nbsp; Willkommen im B\u00fcchsenmacher- und Jagdmuseum im Schloss Ferlach! Im B\u00fcchsenmacher- und Jagdmuseum im Schloss Ferlach in K\u00e4rnten erz\u00e4hlen wir Ihnen die spannende Geschichte der Jagd und bringen Ihnen das B\u00fcchsenmacher-Handwerk nahe. Gehen Sie mit uns auf Reisen und entdecken Sie Spannendes und Wissenswertes rund um Jagd, Wildtiere und Naturschutz! Den Mythos Jagd im [&hellip;]<\/p>\n","protected":false},"author":1,"featured_media":0,"parent":0,"menu_order":0,"comment_status":"closed","ping_status":"closed","template":"","meta":[],"_links":{"self":[{"href":"http:\/\/www.jagdmuseum-ferlach.at\/index.php?rest_route=\/wp\/v2\/pages\/4"}],"collection":[{"href":"http:\/\/www.jagdmuseum-ferlach.at\/index.php?rest_route=\/wp\/v2\/pages"}],"about":[{"href":"http:\/\/www.jagdmuseum-ferlach.at\/index.php?rest_route=\/wp\/v2\/types\/page"}],"author":[{"embeddable":true,"href":"http:\/\/www.jagdmuseum-ferlach.at\/index.php?rest_route=\/wp\/v2\/users\/1"}],"replies":[{"embeddable":true,"href":"http:\/\/www.jagdmuseum-ferlach.at\/index.php?rest_route=%2Fwp%2Fv2%2Fcomments&post=4"}],"version-history":[{"count":74,"href":"http:\/\/www.jagdmuseum-ferlach.at\/index.php?rest_route=\/wp\/v2\/pages\/4\/revisions"}],"predecessor-version":[{"id":405,"href":"http:\/\/www.jagdmuseum-ferlach.at\/index.php?rest_route=\/wp\/v2\/pages\/4\/revisions\/405"}],"wp:attachment":[{"href":"http:\/\/www.jagdmuseum-ferlach.at\/index.php?rest_route=%2Fwp%2Fv2%2Fmedia&parent=4"}],"curies":[{"name":"wp","href":"https:\/\/api.w.org\/{rel}","templated":true}]}}